{"id":14,"date":"2023-08-16T20:43:54","date_gmt":"2023-08-16T23:43:54","guid":{"rendered":"https:\/\/naisecorp.com.br\/?page_id=14"},"modified":"2026-03-12T15:44:06","modified_gmt":"2026-03-12T18:44:06","slug":"home","status":"publish","type":"page","link":"https:\/\/www.naisecorp.com.br\/","title":{"rendered":"Home Loja"},"content":{"rendered":"<div class=\"et_pb_section_0 et_pb_section et_section_regular et_flex_section\">\n<div class=\"et_pb_row_0 et_pb_row et_flex_row\">\n<div class=\"et_pb_column_0 et_pb_column et-last-child et_flex_column et_pb_css_mix_blend_mode_passthrough et_flex_column_24_24 et_flex_column_24_24_tablet et_flex_column_24_24_phone\">\n<div class=\"et_pb_shop_0 et_pb_shop et_pb_module\" data-shortcode_index=\"0\"><div class=\"woocommerce columns-4 \"><ul class=\"products columns-4\">\n<li class=\"product type-product post-38 status-publish first instock product_cat-sem-categoria sale shipping-taxable purchasable product-type-simple\">\n\t<a href=\"https:\/\/www.naisecorp.com.br\/index.php\/produto\/produto-1-teste\/\" class=\"woocommerce-LoopProduct-link woocommerce-loop-product__link\">\n\t<span class=\"onsale\">Oferta!<\/span>\n\t<span class=\"et_shop_image\"><img loading=\"lazy\" decoding=\"async\" width=\"300\" height=\"300\" src=\"https:\/\/www.naisecorp.com.br\/wp-content\/uploads\/woocommerce-placeholder-300x300.webp\" class=\"woocommerce-placeholder wp-post-image\" alt=\"Conte\u00fado de marca\u00e7\u00e3o\" \/><span class=\"et_overlay\"><\/span><\/span><h2 class=\"woocommerce-loop-product__title\">Produto 1 teste<\/h2>\n\t<span class=\"price\"><del aria-hidden=\"true\"><span class=\"woocommerce-Price-amount amount\"><bdi><span class=\"woocommerce-Price-currencySymbol\">&#82;&#36;<\/span>&nbsp;100,00<\/bdi><\/span><\/del> <span class=\"screen-reader-text\">O pre\u00e7o original era: &#082;&#036;&nbsp;100,00.<\/span><ins aria-hidden=\"true\"><span class=\"woocommerce-Price-amount amount\"><bdi><span class=\"woocommerce-Price-currencySymbol\">&#82;&#36;<\/span>&nbsp;90,00<\/bdi><\/span><\/ins><span class=\"screen-reader-text\">O pre\u00e7o atual \u00e9: &#082;&#036;&nbsp;90,00.<\/span><\/span>\n<\/a><\/li>\n<li class=\"product type-product post-42 status-publish instock product_cat-sem-categoria sale shipping-taxable purchasable product-type-simple\">\n\t<a href=\"https:\/\/www.naisecorp.com.br\/index.php\/produto\/produto-1-teste-copia\/\" class=\"woocommerce-LoopProduct-link woocommerce-loop-product__link\">\n\t<span class=\"onsale\">Oferta!<\/span>\n\t<span class=\"et_shop_image\"><img loading=\"lazy\" decoding=\"async\" width=\"300\" height=\"300\" src=\"https:\/\/www.naisecorp.com.br\/wp-content\/uploads\/woocommerce-placeholder-300x300.webp\" class=\"woocommerce-placeholder wp-post-image\" alt=\"Conte\u00fado de marca\u00e7\u00e3o\" \/><span class=\"et_overlay\"><\/span><\/span><h2 class=\"woocommerce-loop-product__title\">Produto 1 teste (c\u00f3pia)<\/h2>\n\t<span class=\"price\"><del aria-hidden=\"true\"><span class=\"woocommerce-Price-amount amount\"><bdi><span class=\"woocommerce-Price-currencySymbol\">&#82;&#36;<\/span>&nbsp;100,00<\/bdi><\/span><\/del> <span class=\"screen-reader-text\">O pre\u00e7o original era: &#082;&#036;&nbsp;100,00.<\/span><ins aria-hidden=\"true\"><span class=\"woocommerce-Price-amount amount\"><bdi><span class=\"woocommerce-Price-currencySymbol\">&#82;&#36;<\/span>&nbsp;90,00<\/bdi><\/span><\/ins><span class=\"screen-reader-text\">O pre\u00e7o atual \u00e9: &#082;&#036;&nbsp;90,00.<\/span><\/span>\n<\/a><\/li>\n<li class=\"product type-product post-43 status-publish instock product_cat-sem-categoria sale shipping-taxable purchasable product-type-simple\">\n\t<a href=\"https:\/\/www.naisecorp.com.br\/index.php\/produto\/produto-1-teste-copia-2\/\" class=\"woocommerce-LoopProduct-link woocommerce-loop-product__link\">\n\t<span class=\"onsale\">Oferta!<\/span>\n\t<span class=\"et_shop_image\"><img loading=\"lazy\" decoding=\"async\" width=\"300\" height=\"300\" src=\"https:\/\/www.naisecorp.com.br\/wp-content\/uploads\/woocommerce-placeholder-300x300.webp\" class=\"woocommerce-placeholder wp-post-image\" alt=\"Conte\u00fado de marca\u00e7\u00e3o\" \/><span class=\"et_overlay\"><\/span><\/span><h2 class=\"woocommerce-loop-product__title\">Produto 1 teste (c\u00f3pia)<\/h2>\n\t<span class=\"price\"><del aria-hidden=\"true\"><span class=\"woocommerce-Price-amount amount\"><bdi><span class=\"woocommerce-Price-currencySymbol\">&#82;&#36;<\/span>&nbsp;100,00<\/bdi><\/span><\/del> <span class=\"screen-reader-text\">O pre\u00e7o original era: &#082;&#036;&nbsp;100,00.<\/span><ins aria-hidden=\"true\"><span class=\"woocommerce-Price-amount amount\"><bdi><span class=\"woocommerce-Price-currencySymbol\">&#82;&#36;<\/span>&nbsp;90,00<\/bdi><\/span><\/ins><span class=\"screen-reader-text\">O pre\u00e7o atual \u00e9: &#082;&#036;&nbsp;90,00.<\/span><\/span>\n<\/a><\/li>\n<li class=\"product type-product post-44 status-publish last instock product_cat-sem-categoria sale shipping-taxable purchasable product-type-simple\">\n\t<a href=\"https:\/\/www.naisecorp.com.br\/index.php\/produto\/produto-1-teste-copia-copia\/\" class=\"woocommerce-LoopProduct-link woocommerce-loop-product__link\">\n\t<span class=\"onsale\">Oferta!<\/span>\n\t<span class=\"et_shop_image\"><img loading=\"lazy\" decoding=\"async\" width=\"300\" height=\"300\" src=\"https:\/\/www.naisecorp.com.br\/wp-content\/uploads\/woocommerce-placeholder-300x300.webp\" class=\"woocommerce-placeholder wp-post-image\" alt=\"Conte\u00fado de marca\u00e7\u00e3o\" \/><span class=\"et_overlay\"><\/span><\/span><h2 class=\"woocommerce-loop-product__title\">Produto 1 teste (c\u00f3pia) (c\u00f3pia)<\/h2>\n\t<span class=\"price\"><del aria-hidden=\"true\"><span class=\"woocommerce-Price-amount amount\"><bdi><span class=\"woocommerce-Price-currencySymbol\">&#82;&#36;<\/span>&nbsp;100,00<\/bdi><\/span><\/del> <span class=\"screen-reader-text\">O pre\u00e7o original era: &#082;&#036;&nbsp;100,00.<\/span><ins aria-hidden=\"true\"><span class=\"woocommerce-Price-amount amount\"><bdi><span class=\"woocommerce-Price-currencySymbol\">&#82;&#36;<\/span>&nbsp;90,00<\/bdi><\/span><\/ins><span class=\"screen-reader-text\">O pre\u00e7o atual \u00e9: &#082;&#036;&nbsp;90,00.<\/span><\/span>\n<\/a><\/li>\n<li class=\"product type-product post-45 status-publish first instock product_cat-sem-categoria sale shipping-taxable purchasable product-type-simple\">\n\t<a href=\"https:\/\/www.naisecorp.com.br\/index.php\/produto\/produto-1-teste-copia-copia-copia\/\" class=\"woocommerce-LoopProduct-link woocommerce-loop-product__link\">\n\t<span class=\"onsale\">Oferta!<\/span>\n\t<span class=\"et_shop_image\"><img loading=\"lazy\" decoding=\"async\" width=\"300\" height=\"300\" src=\"https:\/\/www.naisecorp.com.br\/wp-content\/uploads\/woocommerce-placeholder-300x300.webp\" class=\"woocommerce-placeholder wp-post-image\" alt=\"Conte\u00fado de marca\u00e7\u00e3o\" \/><span class=\"et_overlay\"><\/span><\/span><h2 class=\"woocommerce-loop-product__title\">Produto 1 teste (c\u00f3pia) (c\u00f3pia) (c\u00f3pia)<\/h2>\n\t<span class=\"price\"><del aria-hidden=\"true\"><span class=\"woocommerce-Price-amount amount\"><bdi><span class=\"woocommerce-Price-currencySymbol\">&#82;&#36;<\/span>&nbsp;100,00<\/bdi><\/span><\/del> <span class=\"screen-reader-text\">O pre\u00e7o original era: &#082;&#036;&nbsp;100,00.<\/span><ins aria-hidden=\"true\"><span class=\"woocommerce-Price-amount amount\"><bdi><span class=\"woocommerce-Price-currencySymbol\">&#82;&#36;<\/span>&nbsp;90,00<\/bdi><\/span><\/ins><span class=\"screen-reader-text\">O pre\u00e7o atual \u00e9: &#082;&#036;&nbsp;90,00.<\/span><\/span>\n<\/a><\/li>\n<\/ul>\n<\/div><\/div>\n<\/div>\n<\/div>\n<\/div>","protected":false},"excerpt":{"rendered":"","protected":false},"author":1,"featured_media":0,"parent":0,"menu_order":0,"comment_status":"closed","ping_status":"closed","template":"","meta":{"_et_pb_use_builder":"on","_et_pb_old_content":"","_et_gb_content_width":"","footnotes":""},"class_list":["post-14","page","type-page","status-publish","hentry"],"_links":{"self":[{"href":"https:\/\/www.naisecorp.com.br\/index.php\/wp-json\/wp\/v2\/pages\/14","targetHints":{"allow":["GET"]}}],"collection":[{"href":"https:\/\/www.naisecorp.com.br\/index.php\/wp-json\/wp\/v2\/pages"}],"about":[{"href":"https:\/\/www.naisecorp.com.br\/index.php\/wp-json\/wp\/v2\/types\/page"}],"author":[{"embeddable":true,"href":"https:\/\/www.naisecorp.com.br\/index.php\/wp-json\/wp\/v2\/users\/1"}],"replies":[{"embeddable":true,"href":"https:\/\/www.naisecorp.com.br\/index.php\/wp-json\/wp\/v2\/comments?post=14"}],"version-history":[{"count":8,"href":"https:\/\/www.naisecorp.com.br\/index.php\/wp-json\/wp\/v2\/pages\/14\/revisions"}],"predecessor-version":[{"id":48,"href":"https:\/\/www.naisecorp.com.br\/index.php\/wp-json\/wp\/v2\/pages\/14\/revisions\/48"}],"wp:attachment":[{"href":"https:\/\/www.naisecorp.com.br\/index.php\/wp-json\/wp\/v2\/media?parent=14"}],"curies":[{"name":"wp","href":"https:\/\/api.w.org\/{rel}","templated":true}]}}