{"id":42,"date":"2026-03-11T16:08:00","date_gmt":"2026-03-11T19:08:00","guid":{"rendered":"https:\/\/www.naisecorp.com.br\/?post_type=product&#038;p=42"},"modified":"2026-03-11T16:08:51","modified_gmt":"2026-03-11T19:08:51","slug":"produto-1-teste-copia","status":"publish","type":"product","link":"https:\/\/www.naisecorp.com.br\/index.php\/produto\/produto-1-teste-copia\/","title":{"rendered":"Produto 1 teste (c\u00f3pia)"},"content":{"rendered":"<p>descri\u00e7\u00e3o teste<\/p>\n","protected":false},"excerpt":{"rendered":"<p>descri\u00e7\u00e3o teste<\/p>\n","protected":false},"featured_media":0,"comment_status":"open","ping_status":"closed","template":"","meta":{"_et_pb_use_builder":"on","_et_pb_old_content":"descri\u00e7\u00e3o teste","_et_gb_content_width":""},"product_brand":[],"product_cat":[16],"product_tag":[],"class_list":{"0":"post-42","1":"product","2":"type-product","3":"status-publish","5":"product_cat-sem-categoria","7":"first","8":"instock","9":"sale","10":"shipping-taxable","11":"purchasable","12":"product-type-simple"},"_links":{"self":[{"href":"https:\/\/www.naisecorp.com.br\/index.php\/wp-json\/wp\/v2\/product\/42","targetHints":{"allow":["GET"]}}],"collection":[{"href":"https:\/\/www.naisecorp.com.br\/index.php\/wp-json\/wp\/v2\/product"}],"about":[{"href":"https:\/\/www.naisecorp.com.br\/index.php\/wp-json\/wp\/v2\/types\/product"}],"replies":[{"embeddable":true,"href":"https:\/\/www.naisecorp.com.br\/index.php\/wp-json\/wp\/v2\/comments?post=42"}],"wp:attachment":[{"href":"https:\/\/www.naisecorp.com.br\/index.php\/wp-json\/wp\/v2\/media?parent=42"}],"wp:term":[{"taxonomy":"product_brand","embeddable":true,"href":"https:\/\/www.naisecorp.com.br\/index.php\/wp-json\/wp\/v2\/product_brand?post=42"},{"taxonomy":"product_cat","embeddable":true,"href":"https:\/\/www.naisecorp.com.br\/index.php\/wp-json\/wp\/v2\/product_cat?post=42"},{"taxonomy":"product_tag","embeddable":true,"href":"https:\/\/www.naisecorp.com.br\/index.php\/wp-json\/wp\/v2\/product_tag?post=42"}],"curies":[{"name":"wp","href":"https:\/\/api.w.org\/{rel}","templated":true}]}}